{"id":1097,"date":"2011-05-27T14:30:14","date_gmt":"2011-05-27T14:30:14","guid":{"rendered":"http:\/\/mh-gallery.com\/?page_id=1097"},"modified":"2015-05-11T03:12:09","modified_gmt":"2015-05-11T03:12:09","slug":"bestellbeschreibung","status":"publish","type":"page","link":"https:\/\/mh-gallery.com\/?page_id=1097&lang=de","title":{"rendered":"Bestellbeschreibung"},"content":{"rendered":"<p><span style=\"color: #c0c0c0;\">Wie bestellt man vom<\/span> <a href=\"http:\/\/mh-gallery.com\/?page_id=1083&amp;lang=de\">Gallerie Shop<\/a><\/p>\n<p><span style=\"color: #ffffff;\">1.<\/span> <span style=\"color: #c0c0c0;\">W\u00e4hlen Sie ein Bild aus dem Gallerie Shop<\/span><\/p>\n<p><span style=\"color: #ffffff;\">2.<\/span> <span style=\"color: #c0c0c0;\">Schreiben Sie uns eine e mail mit der ref# von dem gew\u00fcnschten Bild, um die Verf\u00fcgbarkeit zu pr\u00fcfen. Wir werden Sie dann mit detaillierten Informationen, Preis und voraussichtlicher Lieferung kontaktieren.<\/span><\/p>\n<p><span style=\"color: #ffffff;\">3.<\/span> <span style=\"color: #c0c0c0;\">Wir senden Ihnen eine Rechnung. Sie k\u00f6nnen per \u00dcberweisung von der Bank oder ihrem Paypal-Konto oder per Kreditkarte zahlen.<\/span><\/p>\n<p><span style=\"color: #ffffff;\">4.<\/span> <span style=\"color: #c0c0c0;\">Wenn die Zahlung eingegangen ist, werden wir das Bild vorsichtig und sicher einpacken und Ihnen die Versandnummer des Lieferanten zusenden<\/span><\/p>\n<p><span style=\"color: #c0c0c0;\">Preis auf Anfrage, kontaktieren Sie bitte:<span class=\"im\"><a href=\"mailto:mhgalleryinfo@gmail.com\">mhgalleryinfo@gmail.com<\/a><\/span><\/span><\/p>\n<p>&nbsp;<\/p>\n<p><span style=\"color: #c0c0c0;\">Bitte sehen sie hier f\u00fcr eine<\/span> <a href=\"http:\/\/mh-gallery.com\/?page_id=1089&amp;lang=de\">Sonderanfertigung<\/a><\/p>\n<p><span style=\"color: #000000;\">.<\/span><\/p>\n<p><span style=\"color: #000000;\">.<\/span><\/p>\n<p><span style=\"color: #000000;\">.<\/span><\/p>\n<p><span style=\"color: #000000;\">.<\/span><\/p>\n<p><span style=\"color: #000000;\">.<\/span><\/p>\n<p><span style=\"color: #000000;\">.<\/span><\/p>\n<p><span style=\"color: #000000;\">.<\/span><\/p>\n<p><span style=\"color: #000000;\">.<\/span><\/p>\n<p><span style=\"color: #000000;\">.<\/span><\/p>\n<p><span style=\"color: #000000;\">.<\/span><\/p>\n<p><span style=\"color: #000000;\">.<\/span><\/p>\n<p><span style=\"color: #000000;\">.<\/span><\/p>\n<p><span style=\"color: #000000;\">.<\/span><\/p>\n<p><span style=\"color: #000000;\">.<\/span><\/p>\n","protected":false},"excerpt":{"rendered":"<p>Wie bestellt man vom Gallerie Shop 1. W\u00e4hlen Sie ein Bild aus dem Gallerie Shop 2. Schreiben Sie uns eine e mail mit der ref# von dem gew\u00fcnschten Bild, um die Verf\u00fcgbarkeit zu pr\u00fcfen. Wir werden Sie dann mit detaillierten Informationen, Preis und voraussichtlicher Lieferung kontaktieren. 3. Wir senden Ihnen eine Rechnung. Sie k\u00f6nnen per [&hellip;]<\/p>\n","protected":false},"author":1,"featured_media":0,"parent":1089,"menu_order":1,"comment_status":"open","ping_status":"open","template":"","meta":[],"_links":{"self":[{"href":"https:\/\/mh-gallery.com\/index.php?rest_route=\/wp\/v2\/pages\/1097"}],"collection":[{"href":"https:\/\/mh-gallery.com\/index.php?rest_route=\/wp\/v2\/pages"}],"about":[{"href":"https:\/\/mh-gallery.com\/index.php?rest_route=\/wp\/v2\/types\/page"}],"author":[{"embeddable":true,"href":"https:\/\/mh-gallery.com\/index.php?rest_route=\/wp\/v2\/users\/1"}],"replies":[{"embeddable":true,"href":"https:\/\/mh-gallery.com\/index.php?rest_route=%2Fwp%2Fv2%2Fcomments&post=1097"}],"version-history":[{"count":12,"href":"https:\/\/mh-gallery.com\/index.php?rest_route=\/wp\/v2\/pages\/1097\/revisions"}],"predecessor-version":[{"id":3074,"href":"https:\/\/mh-gallery.com\/index.php?rest_route=\/wp\/v2\/pages\/1097\/revisions\/3074"}],"up":[{"embeddable":true,"href":"https:\/\/mh-gallery.com\/index.php?rest_route=\/wp\/v2\/pages\/1089"}],"wp:attachment":[{"href":"https:\/\/mh-gallery.com\/index.php?rest_route=%2Fwp%2Fv2%2Fmedia&parent=1097"}],"curies":[{"name":"wp","href":"https:\/\/api.w.org\/{rel}","templated":true}]}}