{"id":1116,"date":"2011-05-27T14:38:14","date_gmt":"2011-05-27T14:38:14","guid":{"rendered":"http:\/\/mh-gallery.com\/?page_id=1116"},"modified":"2015-05-12T03:42:35","modified_gmt":"2015-05-12T03:42:35","slug":"infos","status":"publish","type":"page","link":"http:\/\/mh-gallery.com\/?page_id=1116&lang=de","title":{"rendered":"Infos"},"content":{"rendered":"<p><a href=\"http:\/\/mh-gallery.com\/wp-content\/uploads\/2010\/06\/MPorsche.jpg\" rel=\"lightbox[1116]\"><img decoding=\"async\" loading=\"lazy\" class=\"alignleft size-full wp-image-367\" title=\"MPorsche\" src=\"http:\/\/mh-gallery.com\/wp-content\/uploads\/2010\/06\/MPorsche.jpg\" alt=\"\" width=\"581\" height=\"389\" srcset=\"http:\/\/mh-gallery.com\/wp-content\/uploads\/2010\/06\/MPorsche.jpg 581w, http:\/\/mh-gallery.com\/wp-content\/uploads\/2010\/06\/MPorsche-300x200.jpg 300w\" sizes=\"(max-width: 581px) 100vw, 581px\" \/><\/a><img decoding=\"async\" loading=\"lazy\" class=\"alignleft size-full wp-image-937\" title=\"MH2\" src=\"http:\/\/mh-gallery.com\/wp-content\/uploads\/2010\/06\/MH21.jpg\" alt=\"\" width=\"581\" height=\"347\" srcset=\"http:\/\/mh-gallery.com\/wp-content\/uploads\/2010\/06\/MH21.jpg 581w, http:\/\/mh-gallery.com\/wp-content\/uploads\/2010\/06\/MH21-300x179.jpg 300w\" sizes=\"(max-width: 581px) 100vw, 581px\" \/><\/p>\n<p>&nbsp;<\/p>\n<p><span style=\"color: #c0c0c0;\">Markus Haub in Deutschland geboren und aufgewachsen, wo er sein Studium in Transportation Design an der Hochschule f\u00fcr angewandte K\u00fcnste in Pforzheim abschliesst.<\/span><\/p>\n<p><span style=\"color: #c0c0c0;\">Seine Designkarriere startete er f\u00fcr den Volkswagen Konzern im Design Center Europe (DCE) in Sitges, Barcelona Spanien. Er hat an verschiedenen Designprojekten f\u00fcr Audi, VW, Seat, Lamborghini und Bentley gearbeitet. Im Jahr 2000 bekam er ein Angebot von Renault, im neu er\u00f6ffneten Advanced Design Studio im Zentrum von Barcelona zu arbeiten. Dort war er sowohl an vielen Prototypen- und Serienprojekten beteiligt, wie auch f\u00fcr verschiedene strategische Projekte verantwortlich war. 2004 ging er f\u00fcr zwei Jahre nach Paris, um im Renault Designstudio an der Bastille zu arbeiten. Parallel begann er als K\u00fcnstler seine eigenen Arbeitstechniken zu entwickeln.<\/span><\/p>\n<p><span style=\"color: #c0c0c0;\">Zur\u00fcck in Barcelona arbeitet Markus Haub als freier Designer und K\u00fcnstler. In den letzten Jahren wurde er wiederholt eingeladen, um seine Werke in zahlreichen Ausstellungen und Kunstmessen zu pr\u00e4sentieren. 2008 begann er mit der Serie \u201cRacing Legends\u201d, die haupts\u00e4chlich Rennwagen aus den 60er und 70er Jahren thematisiert. Die Auftaktserie dieser Bilder wurde im privaten Luxus-Auto Club \u201eGentlemen Drive\u201c, in der N\u00e4he von Barcelona gezeigt. Sp\u00e4ter zog die Ausstellung in das ber\u00fchmte Meilenwerk, einem Oldtimer-Zentrum in D\u00fcsseldorf. Schlie\u00dflich wurde die erweiterte Reihe in der Cit\u00e9 de l\u2019Automobile, Mus\u00e9e National \u2013 Collection Schlumpf in Mulhouse, Frankreich ausgestellt, dem gr\u00f6\u00dften Automobilmuseum der Welt mit mehr als 500 Klassikern darunter 123 Bugattis.<\/span><\/p>\n<p><span style=\"color: #c0c0c0;\">Markus Haub hat an mehreren Kunstmessen und Ausstellungen in Spanien, Deutschland, Frankreich, Holland, Irland, England und New York teilgenommen.<\/span><\/p>\n<p><span style=\"color: #c0c0c0;\">Im Jahr 2011 Markus Haub wird von MH-Galerie vertreten.<\/span><\/p>\n<p>&nbsp;<\/p>\n<p><span style=\"color: #c0c0c0;\">about: <\/span><\/p>\n<p><span style=\"color: #c0c0c0;\">MH-Gallery is based in Switzerland and is operated by Ulfert Janssen &#8211; GANNET Design<br \/>\n<\/span><\/p>\n<p><span style=\"color: #c0c0c0;\"><a href=\"http:\/\/gannetdesign.com\/\" target=\"_blank\"><img decoding=\"async\" loading=\"lazy\" class=\"alignleft size-thumbnail wp-image-794\" title=\"Gannet2\" src=\"http:\/\/mh-gallery.com\/wp-content\/uploads\/2010\/06\/Gannet22-150x150.jpg\" alt=\"\" width=\"150\" height=\"150\" \/><\/a>GANNET Design<br \/>\nHinter Schwarzenegg<br \/>\nCH-3453 Heimisbach<br \/>\nSwitzerland<br \/>\n+41 (0) 79 179 69 46<\/span><\/p>\n<p>Yoko Yuasa &#8211; PR &amp; Marketing for Japan and Europe<\/p>\n<p>contact: <a href=\"mailto:mhgalleryinfo@gmail.com\">mhgalleryinfo@gmail.com<\/a><\/p>\n<p>&nbsp;<\/p>\n<p><span style=\"color: #c0c0c0;\"><br \/>\n<\/span><\/p>\n<p><span style=\"color: #c0c0c0;\"><br \/>\n<\/span><\/p>\n<p>&nbsp;<\/p>\n<p>&nbsp;<\/p>\n<p><span style=\"color: #c0c0c0;\"><br \/>\n<\/span><\/p>\n<p>&nbsp;<\/p>\n","protected":false},"excerpt":{"rendered":"<p>&nbsp; Markus Haub in Deutschland geboren und aufgewachsen, wo er sein Studium in Transportation Design an der Hochschule f\u00fcr angewandte K\u00fcnste in Pforzheim abschliesst. Seine Designkarriere startete er f\u00fcr den Volkswagen Konzern im Design Center Europe (DCE) in Sitges, Barcelona Spanien. Er hat an verschiedenen Designprojekten f\u00fcr Audi, VW, Seat, Lamborghini und Bentley gearbeitet. Im [&hellip;]<\/p>\n","protected":false},"author":1,"featured_media":0,"parent":0,"menu_order":25,"comment_status":"open","ping_status":"open","template":"","meta":[],"_links":{"self":[{"href":"http:\/\/mh-gallery.com\/index.php?rest_route=\/wp\/v2\/pages\/1116"}],"collection":[{"href":"http:\/\/mh-gallery.com\/index.php?rest_route=\/wp\/v2\/pages"}],"about":[{"href":"http:\/\/mh-gallery.com\/index.php?rest_route=\/wp\/v2\/types\/page"}],"author":[{"embeddable":true,"href":"http:\/\/mh-gallery.com\/index.php?rest_route=\/wp\/v2\/users\/1"}],"replies":[{"embeddable":true,"href":"http:\/\/mh-gallery.com\/index.php?rest_route=%2Fwp%2Fv2%2Fcomments&post=1116"}],"version-history":[{"count":27,"href":"http:\/\/mh-gallery.com\/index.php?rest_route=\/wp\/v2\/pages\/1116\/revisions"}],"predecessor-version":[{"id":3081,"href":"http:\/\/mh-gallery.com\/index.php?rest_route=\/wp\/v2\/pages\/1116\/revisions\/3081"}],"wp:attachment":[{"href":"http:\/\/mh-gallery.com\/index.php?rest_route=%2Fwp%2Fv2%2Fmedia&parent=1116"}],"curies":[{"name":"wp","href":"https:\/\/api.w.org\/{rel}","templated":true}]}}