{"id":1108,"date":"2011-05-27T14:34:50","date_gmt":"2011-05-27T14:34:50","guid":{"rendered":"http:\/\/mh-gallery.com\/?page_id=1108"},"modified":"2015-03-06T11:52:53","modified_gmt":"2015-03-06T11:52:53","slug":"infos","status":"publish","type":"page","link":"http:\/\/mh-gallery.com\/?page_id=1108&lang=de","title":{"rendered":"Gesch\u00e4ftliches"},"content":{"rendered":"<div>\n<dl>\n<dd> <\/dd>\n<dd><em><strong><span style=\"color: #ffffff;\">SPEEDSTAR-GALLERY benutzt PayPal als Zahlungsystem.<\/span>&nbsp;<\/p>\n<p><\/strong><\/em><em><strong> <\/strong><\/em><em><strong> <\/strong><\/em><span style=\"color: #c0c0c0;\">\u2022 Geld Transfer-Service, k\u00f6nnen Sie sicher und einfach aufder ganzen Welt nutzen. Ihre Bank-oder Kreditkartendaten werden von <a href=\"http:\/\/www.paypal.de\/de\" target=\"_blank\">PayPal<\/a> verwaltet.<\/span><br \/>\n<span style=\"color: #c0c0c0;\"> \u2022 Zahlung k\u00f6nnen die per Geldtransfer von PayPal-Konto oder per Kreditkarte gemacht werden.<\/span><br \/>\n<span style=\"color: #c0c0c0;\"> \u2022 Wir akzeptieren alle Arten von Visa, Master und andere Kreditkarten. F\u00fcr andere Karten bestehen PayPal Gesch\u00e4ftsbedingugen.<\/span><\/p>\n<p><span style=\"color: #c0c0c0;\"> \u2022 Siehe PayPal-Website, f\u00fcr mehr Informationen.<\/span><\/p>\n<p><span style=\"color: #c0c0c0;\"><em> <\/em><\/span><strong><em><span style=\"color: #ffffff;\"><strong>R\u00fcckerstattung<\/strong><\/span><\/em><\/strong><\/p>\n<p><strong><em> <\/em><\/strong><strong><em> <\/em><\/strong><span style=\"color: #c0c0c0;\">\u2022 Wir akzeptieren keine R\u00fcckerstattung f\u00fcr eigenn\u00fctzige Gr\u00fcnde wie &#8221; Malerei war anders, als ich gedacht habe. &#8220;<\/span><\/p>\n<p><span style=\"color: #c0c0c0;\">\u2022 Wenn Sie ein falschen Bild erhalten, kontaktieren Sie uns bitte mit REF # innerhalb von 1 Woche nachdem Sie es erhalten haben. Wir informieren Sie,  \u00fcber das Verfahren f\u00fcr die R\u00fcckerstattung. Wenn Ihre Reklamation sp\u00e4ter als 7 Tage nach der Ankunft gemacht wir, akzeptieren wir nicht Ihren Antrag auf Erstattung.<\/span><\/p>\n<p><span style=\"color: #c0c0c0;\"><em> <\/em><\/span><strong><em><span style=\"color: #ffffff;\"><strong>Versand<\/strong><\/span><\/em><\/strong><\/p>\n<p><strong><em> <\/em><\/strong><strong><em> <\/em><\/strong><span style=\"color: #c0c0c0;\">Falls der Artikel Sie nicht nach einem Monat nach Erhalt der Mail von SPEEDSTAR \u2013 GALERIE erreicht hat, kontaktieren Sie die Versandfirma(EMS oder FedEx) mit Versand-ID-Nummer.<\/span><\/p>\n<p><span style=\"color: #c0c0c0;\"><em><\/em><\/span><strong><em><span style=\"color: #ffffff;\"><strong>Einreichen falscher Adresse<\/strong><\/span><\/em><\/strong><\/p>\n<p><strong><em> <\/em><\/strong><strong><em><\/em><\/strong><span style=\"color: #c0c0c0;\">Falls Sie eine falsche Adresse angegeben haben und das Bild wird zur\u00fcck geschickt, berechnen wir Ihnen s\u00e4mtliche Versandkosten.<\/span><\/p>\n<p><span style=\"color: #c0c0c0;\"><em><\/em><\/span><strong><em><strong> <\/strong><\/em><\/strong><\/p>\n<p><strong><em><span style=\"color: #ffffff;\"><strong>Versandverz\u00f6gerung<\/strong><\/span><\/em><\/strong><\/p>\n<p><strong><em> <\/em><\/strong><strong><em><\/em><\/strong><strong><em><\/em><\/strong><span style=\"color: #c0c0c0;\">Versandverz\u00f6gerungen k\u00f6nnen durch Krieg, Naturkatastrophen, Unf\u00e4llen oder regionale Situation verursacht werden. In diesem Fall k\u00f6nnen wir nicht das Bild an Ihrem Standort senden, SPEEDSTAR &#8211; GALERIE wird Sie dar\u00fcber informieren<\/span><\/p>\n<p><span style=\"color: #c0c0c0;\"><em><\/em><\/span><strong><em><span style=\"color: #ffffff;\"><strong>Umsatzsteuer und Z\u00f6lle<\/strong><\/span><\/em><\/strong><\/p>\n<p><strong><em> <\/em><\/strong><strong><em><\/em><\/strong><span style=\"color: #c0c0c0;\"> Es liegt in Ihrer Verantwortung Umsatzsteuer und Z\u00f6lle zu tragen. Die Versandfirma wird Ihnen eine Rechnung f\u00fcr die Kosten zuschicken.<\/span><\/p>\n<p><span style=\"color: #c0c0c0;\"><em><\/em><\/span><strong><em><span style=\"color: #ffffff;\"><strong>Copyright<\/strong><\/span><\/em><\/strong><\/p>\n<p><strong><em><span style=\"color: #c0c0c0; font-style: normal; font-weight: normal;\">Unerlaubte Vervielf\u00e4ltigung, Verwendung oder Ver\u00e4nderung des Inhalts der Website ist nicht gestattet. Alle Texte, Bilder oder Multimedia-Daten unterliegen dem Urheberrecht und Gesetzen zum Schutz geistigen Eigentums. Weitere Nutzung bedarf der ausdr\u00fccklichen Genehmigung durch den Inhaber der Rechte, die Galerie oder den K\u00fcnstlern.<\/span><\/em><\/strong><\/p>\n<p><strong><em> <\/em><\/strong><strong><em><\/em><\/strong><strong><em><\/em><\/strong><span style=\"color: #c0c0c0;\"><em><\/em><\/span><strong><em><br \/>\n<\/em><\/strong><\/p>\n<\/dd>\n<\/dl>\n<\/div>\n","protected":false},"excerpt":{"rendered":"<p>SPEEDSTAR-GALLERY benutzt PayPal als Zahlungsystem.&nbsp; \u2022 Geld Transfer-Service, k\u00f6nnen Sie sicher und einfach aufder ganzen Welt nutzen. Ihre Bank-oder Kreditkartendaten werden von PayPal verwaltet. \u2022 Zahlung k\u00f6nnen die per Geldtransfer von PayPal-Konto oder per Kreditkarte gemacht werden. \u2022 Wir akzeptieren alle Arten von Visa, Master und andere Kreditkarten. F\u00fcr andere Karten bestehen PayPal Gesch\u00e4ftsbedingugen. \u2022 [&hellip;]<\/p>\n","protected":false},"author":1,"featured_media":0,"parent":1089,"menu_order":5,"comment_status":"open","ping_status":"open","template":"","meta":[],"_links":{"self":[{"href":"http:\/\/mh-gallery.com\/index.php?rest_route=\/wp\/v2\/pages\/1108"}],"collection":[{"href":"http:\/\/mh-gallery.com\/index.php?rest_route=\/wp\/v2\/pages"}],"about":[{"href":"http:\/\/mh-gallery.com\/index.php?rest_route=\/wp\/v2\/types\/page"}],"author":[{"embeddable":true,"href":"http:\/\/mh-gallery.com\/index.php?rest_route=\/wp\/v2\/users\/1"}],"replies":[{"embeddable":true,"href":"http:\/\/mh-gallery.com\/index.php?rest_route=%2Fwp%2Fv2%2Fcomments&post=1108"}],"version-history":[{"count":10,"href":"http:\/\/mh-gallery.com\/index.php?rest_route=\/wp\/v2\/pages\/1108\/revisions"}],"predecessor-version":[{"id":2840,"href":"http:\/\/mh-gallery.com\/index.php?rest_route=\/wp\/v2\/pages\/1108\/revisions\/2840"}],"up":[{"embeddable":true,"href":"http:\/\/mh-gallery.com\/index.php?rest_route=\/wp\/v2\/pages\/1089"}],"wp:attachment":[{"href":"http:\/\/mh-gallery.com\/index.php?rest_route=%2Fwp%2Fv2%2Fmedia&parent=1108"}],"curies":[{"name":"wp","href":"https:\/\/api.w.org\/{rel}","templated":true}]}}