{"id":1104,"date":"2011-05-27T14:33:24","date_gmt":"2011-05-27T14:33:24","guid":{"rendered":"http:\/\/mh-gallery.com\/?page_id=1104"},"modified":"2015-03-06T11:41:12","modified_gmt":"2015-03-06T11:41:12","slug":"format","status":"publish","type":"page","link":"http:\/\/mh-gallery.com\/?page_id=1104&lang=de","title":{"rendered":"Format"},"content":{"rendered":"<p><strong>Bilderrahmgr\u00f6ssen:<\/strong><\/p>\n<p>&nbsp;<\/p>\n<p>20 x 20 cm<\/p>\n<p>&nbsp;<\/p>\n<p>60 x 60 cm<\/p>\n<p>&nbsp;<\/p>\n<p>80 x 80 cm<\/p>\n<p>&nbsp;<\/p>\n<p>72\/75\u00a0 x 92\/95 cm<\/p>\n<p>&nbsp;<\/p>\n<p>100 x 100 cm<\/p>\n<p>&nbsp;<\/p>\n<p>F\u00fcr Spezialgr\u00f6ssen, bitte kontaktieren Sie uns and wir helfen Ihnen gerne weiter.<\/p>\n<p>&nbsp;<\/p>\n<p>&nbsp;<\/p>\n<p><a href=\"http:\/\/mh-gallery.com\/wp-content\/uploads\/2010\/06\/single-size1.jpg\" rel=\"lightbox[1104]\"><img decoding=\"async\" loading=\"lazy\" class=\"alignleft size-full wp-image-1501\" title=\"single size\" src=\"http:\/\/mh-gallery.com\/wp-content\/uploads\/2010\/06\/single-size1.jpg\" alt=\"\" width=\"581\" height=\"939\" srcset=\"http:\/\/mh-gallery.com\/wp-content\/uploads\/2010\/06\/single-size1.jpg 581w, http:\/\/mh-gallery.com\/wp-content\/uploads\/2010\/06\/single-size1-185x300.jpg 185w\" sizes=\"(max-width: 581px) 100vw, 581px\" \/><\/a><\/p>\n<p><span style=\"color: #c0c0c0;\">Einzelbilder k\u00f6nnen zu Kompositionen zusammengef\u00fcgt werden. Die Rahmengr\u00f6sse kann gew\u00e4hlt werden<\/span>.<\/p>\n<p><span style=\"color: #c0c0c0;\">Beispiel 1: Einzelbild im Doppelrahmen.<\/span> <span style=\"color: #c0c0c0;\"><a href=\"http:\/\/speedstar-gallery.com\/wp-content\/uploads\/2010\/06\/double-2x-73x92cm-Ford-GT40.jpg\" rel=\"lightbox[1104]\"><img decoding=\"async\" loading=\"lazy\" class=\"alignleft size-full wp-image-547\" title=\"double 2x 73x92cm Ford GT40\" src=\"http:\/\/speedstar-gallery.com\/wp-content\/uploads\/2010\/06\/double-2x-73x92cm-Ford-GT40.jpg\" alt=\"\" width=\"595\" height=\"398\" srcset=\"http:\/\/mh-gallery.com\/wp-content\/uploads\/2010\/06\/double-2x-73x92cm-Ford-GT40.jpg 850w, http:\/\/mh-gallery.com\/wp-content\/uploads\/2010\/06\/double-2x-73x92cm-Ford-GT40-300x200.jpg 300w\" sizes=\"(max-width: 595px) 100vw, 595px\" \/><\/a><\/span><\/p>\n<p><span style=\"color: #000000;\">.<\/span><\/p>\n<p><span style=\"color: #c0c0c0;\">Beispiel 2: drei Bilder vom gleichen Auto in verschiedenen Perspektiven als Dreier- Komposition<\/span><\/p>\n<p><span style=\"color: #000000;\">.<\/span><\/p>\n<p><span style=\"color: #c0c0c0;\"><a href=\"http:\/\/speedstar-gallery.com\/wp-content\/uploads\/2010\/06\/triple-3x-80x80cm-Ferrari-250-GTO.jpg\" rel=\"lightbox[1104]\"><img decoding=\"async\" loading=\"lazy\" class=\"alignleft size-full wp-image-555\" title=\"triple 3x 80x80cm Ferrari 250 GTO\" src=\"http:\/\/speedstar-gallery.com\/wp-content\/uploads\/2010\/06\/triple-3x-80x80cm-Ferrari-250-GTO.jpg\" alt=\"\" width=\"595\" height=\"228\" srcset=\"http:\/\/mh-gallery.com\/wp-content\/uploads\/2010\/06\/triple-3x-80x80cm-Ferrari-250-GTO.jpg 850w, http:\/\/mh-gallery.com\/wp-content\/uploads\/2010\/06\/triple-3x-80x80cm-Ferrari-250-GTO-300x115.jpg 300w\" sizes=\"(max-width: 595px) 100vw, 595px\" \/><\/a> <\/span><\/p>\n<p><span style=\"color: #c0c0c0;\">Sample 3: Einzelbild\u00a0als dreier Komposition<\/span> <a href=\"http:\/\/speedstar-gallery.com\/wp-content\/uploads\/2010\/06\/triple-3x-73x92cm-Porsche.jpg\" rel=\"lightbox[1104]\"><img decoding=\"async\" loading=\"lazy\" class=\"alignleft size-full wp-image-553\" title=\"triple 3x 73x92cm Porsche\" src=\"http:\/\/speedstar-gallery.com\/wp-content\/uploads\/2010\/06\/triple-3x-73x92cm-Porsche.jpg\" alt=\"\" width=\"595\" height=\"284\" srcset=\"http:\/\/mh-gallery.com\/wp-content\/uploads\/2010\/06\/triple-3x-73x92cm-Porsche.jpg 850w, http:\/\/mh-gallery.com\/wp-content\/uploads\/2010\/06\/triple-3x-73x92cm-Porsche-300x142.jpg 300w\" sizes=\"(max-width: 595px) 100vw, 595px\" \/><\/a><a href=\"http:\/\/speedstar-gallery.com\/wp-content\/uploads\/2010\/06\/gd1.jpg\" rel=\"lightbox[1104]\"><img decoding=\"async\" loading=\"lazy\" class=\"alignleft size-full wp-image-644\" title=\"gd1\" src=\"http:\/\/speedstar-gallery.com\/wp-content\/uploads\/2010\/06\/gd1.jpg\" alt=\"\" width=\"595\" height=\"234\" srcset=\"http:\/\/mh-gallery.com\/wp-content\/uploads\/2010\/06\/gd1.jpg 850w, http:\/\/mh-gallery.com\/wp-content\/uploads\/2010\/06\/gd1-300x118.jpg 300w\" sizes=\"(max-width: 595px) 100vw, 595px\" \/><\/a><\/p>\n<p><span style=\"color: #000000;\">.<\/span><\/p>\n<p><span style=\"color: #c0c0c0;\">Sample 4: Einzelbild im Quartettformat<\/span><a href=\"http:\/\/speedstar-gallery.com\/wp-content\/uploads\/2010\/06\/quartet-4x-73x92cm-Porsche-904.jpg\" rel=\"lightbox[1104]\"><img decoding=\"async\" loading=\"lazy\" class=\"alignleft size-full wp-image-559\" title=\"quartet 4x 73x92cm Porsche 904\" src=\"http:\/\/speedstar-gallery.com\/wp-content\/uploads\/2010\/06\/quartet-4x-73x92cm-Porsche-904.jpg\" alt=\"\" width=\"595\" height=\"794\" srcset=\"http:\/\/mh-gallery.com\/wp-content\/uploads\/2010\/06\/quartet-4x-73x92cm-Porsche-904.jpg 850w, http:\/\/mh-gallery.com\/wp-content\/uploads\/2010\/06\/quartet-4x-73x92cm-Porsche-904-224x300.jpg 224w, http:\/\/mh-gallery.com\/wp-content\/uploads\/2010\/06\/quartet-4x-73x92cm-Porsche-904-767x1024.jpg 767w\" sizes=\"(max-width: 595px) 100vw, 595px\" \/><\/a><\/p>\n<p>&nbsp;<\/p>\n","protected":false},"excerpt":{"rendered":"<p>Bilderrahmgr\u00f6ssen: &nbsp; 20 x 20 cm &nbsp; 60 x 60 cm &nbsp; 80 x 80 cm &nbsp; 72\/75\u00a0 x 92\/95 cm &nbsp; 100 x 100 cm &nbsp; F\u00fcr Spezialgr\u00f6ssen, bitte kontaktieren Sie uns and wir helfen Ihnen gerne weiter. &nbsp; &nbsp; Einzelbilder k\u00f6nnen zu Kompositionen zusammengef\u00fcgt werden. Die Rahmengr\u00f6sse kann gew\u00e4hlt werden. Beispiel 1: Einzelbild [&hellip;]<\/p>\n","protected":false},"author":1,"featured_media":0,"parent":1089,"menu_order":3,"comment_status":"open","ping_status":"open","template":"","meta":[],"_links":{"self":[{"href":"http:\/\/mh-gallery.com\/index.php?rest_route=\/wp\/v2\/pages\/1104"}],"collection":[{"href":"http:\/\/mh-gallery.com\/index.php?rest_route=\/wp\/v2\/pages"}],"about":[{"href":"http:\/\/mh-gallery.com\/index.php?rest_route=\/wp\/v2\/types\/page"}],"author":[{"embeddable":true,"href":"http:\/\/mh-gallery.com\/index.php?rest_route=\/wp\/v2\/users\/1"}],"replies":[{"embeddable":true,"href":"http:\/\/mh-gallery.com\/index.php?rest_route=%2Fwp%2Fv2%2Fcomments&post=1104"}],"version-history":[{"count":9,"href":"http:\/\/mh-gallery.com\/index.php?rest_route=\/wp\/v2\/pages\/1104\/revisions"}],"predecessor-version":[{"id":2829,"href":"http:\/\/mh-gallery.com\/index.php?rest_route=\/wp\/v2\/pages\/1104\/revisions\/2829"}],"up":[{"embeddable":true,"href":"http:\/\/mh-gallery.com\/index.php?rest_route=\/wp\/v2\/pages\/1089"}],"wp:attachment":[{"href":"http:\/\/mh-gallery.com\/index.php?rest_route=%2Fwp%2Fv2%2Fmedia&parent=1104"}],"curies":[{"name":"wp","href":"https:\/\/api.w.org\/{rel}","templated":true}]}}