{"id":1089,"date":"2011-05-27T14:27:58","date_gmt":"2011-05-27T14:27:58","guid":{"rendered":"http:\/\/mh-gallery.com\/?page_id=1089"},"modified":"2015-05-11T03:09:45","modified_gmt":"2015-05-11T03:09:45","slug":"sonderanfertigungen","status":"publish","type":"page","link":"http:\/\/mh-gallery.com\/?page_id=1089&lang=de","title":{"rendered":"Sonderanfertigungen"},"content":{"rendered":"<p>&nbsp;<\/p>\n<div><span style=\"color: #c0c0c0;\"><span style=\"color: #c0c0c0;\">F\u00fcr unsere individuellen Kunden bei MH-GALERIE fertigt Markus Haub auch spezielle Motive auf Bestellung an. Der Interessent kann ein Foto von einem Rennwagen, Oldtimer oder seinem eigenen Fahrzeug zuschicken und der K\u00fcnstler wird f\u00fcr ihn ein besonderes Unikat erstellen.\u00a0<\/span><\/span><span style=\"color: #ffffff;\">1.<\/span> Kontaktieren Sie uns mit einem Foto und Anfrage f\u00fcr die Gr\u00f6\u00dfe und Bilder von dem Auto oder Stadt, dass Sie von Markus Haub gemalt w\u00fcnschen.<br \/>\n<span style=\"color: #ffffff;\">2.<\/span> Wir empfehlen Ihnen, das beste Format (Einzel-, Mehrfach-) f\u00fcr das gew\u00fcnschte Bild, Preis und voraussichtliche Lieferzeit<br \/>\n<span style=\"color: #ffffff;\">3.<\/span> Bezahlung bei Bestellung &#8211; wir senden Ihnen eine Rechnung. Sie k\u00f6nnen per \u00dcberweisung von der Bank oder ihrem Paypal-Konto oder per Kreditkarte zahlen<br \/>\n<span style=\"color: #ffffff;\">4.<\/span>Wenn die Zahlung eingegangen ist, werden wir das Bild professionell einpacken und Ihnen eine die Versandnummer des Lieferanten zusendenPreis auf Anfrage, kontaktieren Sie bitte: <span class=\"im\"><a href=\"mailto:mhgalleryinfo@gmail.com\">mhgalleryinfo@gmail.com<\/a><\/span><\/div>\n<p>&nbsp;<\/p>\n<p><span style=\"color: #c0c0c0;\">W\u00e4hlen Sie ein <\/span><span style=\"color: #3366ff;\"><a href=\"http:\/\/mh-gallery.com\/?page_id=1104&amp;lang=de\">Format<\/a><\/span><span style=\"color: #c0c0c0;\"> und kontaktieren Sie uns f\u00fcr weitere Details.<\/span><a href=\"http:\/\/mh-gallery.com\/?page_id=1104&amp;lang=de\"><img decoding=\"async\" loading=\"lazy\" class=\"alignleft size-full wp-image-778\" title=\"sizes\" src=\"http:\/\/mh-gallery.com\/wp-content\/uploads\/2011\/04\/sizes1.jpg\" alt=\"\" width=\"581\" height=\"228\" srcset=\"http:\/\/mh-gallery.com\/wp-content\/uploads\/2011\/04\/sizes1.jpg 581w, http:\/\/mh-gallery.com\/wp-content\/uploads\/2011\/04\/sizes1-300x117.jpg 300w\" sizes=\"(max-width: 581px) 100vw, 581px\" \/><\/a><\/p>\n<p><span style=\"color: #3366ff;\"> <a href=\"http:\/\/mh-gallery.com\/?page_id=1106&amp;lang=de\">Beispiele<\/a> <span style=\"color: #c0c0c0;\">hier\u00a0ansehen<a href=\"http:\/\/speedstar-gallery.com\/?page_id=1106&amp;lang=de\"><img decoding=\"async\" loading=\"lazy\" class=\"alignleft size-full wp-image-1481\" title=\"sample\" src=\"http:\/\/speedstar-gallery.com\/wp-content\/uploads\/2011\/04\/sample.jpg\" alt=\"\" width=\"581\" height=\"228\" srcset=\"http:\/\/mh-gallery.com\/wp-content\/uploads\/2011\/04\/sample.jpg 581w, http:\/\/mh-gallery.com\/wp-content\/uploads\/2011\/04\/sample-300x117.jpg 300w\" sizes=\"(max-width: 581px) 100vw, 581px\" \/><\/a><\/span><\/span><\/p>\n<p>&nbsp;<\/p>\n<p>&nbsp;<\/p>\n<p><span class=\"Apple-style-span\" style=\"color: #c0c0c0;\">Bilder im Kontext:<\/span><\/p>\n<p><a href=\"http:\/\/mh-gallery.com\/wp-content\/uploads\/2011\/04\/S4.jpg\" rel=\"lightbox[1089]\"><img decoding=\"async\" loading=\"lazy\" class=\"alignleft size-medium wp-image-884\" title=\"S4\" src=\"http:\/\/mh-gallery.com\/wp-content\/uploads\/2011\/04\/S4-300x199.jpg\" alt=\"\" width=\"270\" height=\"179\" srcset=\"http:\/\/mh-gallery.com\/wp-content\/uploads\/2011\/04\/S4-300x199.jpg 300w, http:\/\/mh-gallery.com\/wp-content\/uploads\/2011\/04\/S4.jpg 940w\" sizes=\"(max-width: 270px) 100vw, 270px\" \/><\/a><a href=\"http:\/\/mh-gallery.com\/wp-content\/uploads\/2011\/04\/S3.jpg\" rel=\"lightbox[1089]\"><img decoding=\"async\" loading=\"lazy\" class=\"alignright size-medium wp-image-932\" title=\"S3\" src=\"http:\/\/mh-gallery.com\/wp-content\/uploads\/2011\/04\/S3-300x199.jpg\" alt=\"\" width=\"270\" height=\"179\" srcset=\"http:\/\/mh-gallery.com\/wp-content\/uploads\/2011\/04\/S3-300x199.jpg 300w, http:\/\/mh-gallery.com\/wp-content\/uploads\/2011\/04\/S3.jpg 940w\" sizes=\"(max-width: 270px) 100vw, 270px\" \/><\/a><a href=\"http:\/\/mh-gallery.com\/wp-content\/uploads\/2011\/04\/S1.jpg\" rel=\"lightbox[1089]\"><img decoding=\"async\" loading=\"lazy\" class=\"alignleft size-medium wp-image-880\" title=\"S1\" src=\"http:\/\/mh-gallery.com\/wp-content\/uploads\/2011\/04\/S1-300x199.jpg\" alt=\"\" width=\"270\" height=\"179\" srcset=\"http:\/\/mh-gallery.com\/wp-content\/uploads\/2011\/04\/S1-300x199.jpg 300w, http:\/\/mh-gallery.com\/wp-content\/uploads\/2011\/04\/S1.jpg 940w\" sizes=\"(max-width: 270px) 100vw, 270px\" \/><\/a><a href=\"http:\/\/mh-gallery.com\/wp-content\/uploads\/2011\/04\/S2.jpg\" rel=\"lightbox[1089]\"><img decoding=\"async\" loading=\"lazy\" class=\"alignright size-medium wp-image-885\" title=\"S2\" src=\"http:\/\/mh-gallery.com\/wp-content\/uploads\/2011\/04\/S2-300x199.jpg\" alt=\"\" width=\"270\" height=\"179\" srcset=\"http:\/\/mh-gallery.com\/wp-content\/uploads\/2011\/04\/S2-300x199.jpg 300w, http:\/\/mh-gallery.com\/wp-content\/uploads\/2011\/04\/S2.jpg 940w\" sizes=\"(max-width: 270px) 100vw, 270px\" \/><\/a><\/p>\n","protected":false},"excerpt":{"rendered":"<p>&nbsp; F\u00fcr unsere individuellen Kunden bei MH-GALERIE fertigt Markus Haub auch spezielle Motive auf Bestellung an. Der Interessent kann ein Foto von einem Rennwagen, Oldtimer oder seinem eigenen Fahrzeug zuschicken und der K\u00fcnstler wird f\u00fcr ihn ein besonderes Unikat erstellen.\u00a01. Kontaktieren Sie uns mit einem Foto und Anfrage f\u00fcr die Gr\u00f6\u00dfe und Bilder von dem [&hellip;]<\/p>\n","protected":false},"author":1,"featured_media":0,"parent":0,"menu_order":13,"comment_status":"open","ping_status":"open","template":"","meta":[],"_links":{"self":[{"href":"http:\/\/mh-gallery.com\/index.php?rest_route=\/wp\/v2\/pages\/1089"}],"collection":[{"href":"http:\/\/mh-gallery.com\/index.php?rest_route=\/wp\/v2\/pages"}],"about":[{"href":"http:\/\/mh-gallery.com\/index.php?rest_route=\/wp\/v2\/types\/page"}],"author":[{"embeddable":true,"href":"http:\/\/mh-gallery.com\/index.php?rest_route=\/wp\/v2\/users\/1"}],"replies":[{"embeddable":true,"href":"http:\/\/mh-gallery.com\/index.php?rest_route=%2Fwp%2Fv2%2Fcomments&post=1089"}],"version-history":[{"count":27,"href":"http:\/\/mh-gallery.com\/index.php?rest_route=\/wp\/v2\/pages\/1089\/revisions"}],"predecessor-version":[{"id":3071,"href":"http:\/\/mh-gallery.com\/index.php?rest_route=\/wp\/v2\/pages\/1089\/revisions\/3071"}],"wp:attachment":[{"href":"http:\/\/mh-gallery.com\/index.php?rest_route=%2Fwp%2Fv2%2Fmedia&parent=1089"}],"curies":[{"name":"wp","href":"https:\/\/api.w.org\/{rel}","templated":true}]}}